{"id":231,"date":"2024-08-13T07:27:37","date_gmt":"2024-08-13T07:27:37","guid":{"rendered":"http:\/\/www.yuenan.com\/?page_id=231"},"modified":"2025-12-10T15:16:39","modified_gmt":"2025-12-10T15:16:39","slug":"contact-us","status":"publish","type":"page","link":"https:\/\/www.safegnss.com\/tr\/contact-us\/","title":{"rendered":"Bize ula\u015f\u0131n"},"content":{"rendered":"\t\t<div data-elementor-type=\"wp-page\" data-elementor-id=\"231\" class=\"elementor elementor-231\" data-elementor-post-type=\"page\">\n\t\t\t\t<div class=\"elementor-element elementor-element-46266fc e-flex e-con-boxed e-con e-parent\" data-id=\"46266fc\" data-element_type=\"container\" data-e-type=\"container\" data-settings=\"{&quot;background_background&quot;:&quot;classic&quot;}\">\n\t\t\t\t\t<div class=\"e-con-inner\">\n\t\t\t\t<div class=\"elementor-element elementor-element-8d8226f elementor-widget elementor-widget-heading\" data-id=\"8d8226f\" data-element_type=\"widget\" data-e-type=\"widget\" data-widget_type=\"heading.default\">\n\t\t\t\t<div class=\"elementor-widget-container\">\n\t\t\t\t\t<h1 class=\"elementor-heading-title elementor-size-default\">Bize ula\u015f\u0131n<\/h1>\t\t\t\t<\/div>\n\t\t\t\t<\/div>\n\t\t\t\t\t<\/div>\n\t\t\t\t<\/div>\n\t\t<div class=\"elementor-element elementor-element-416935b e-flex e-con-boxed e-con e-parent\" data-id=\"416935b\" data-element_type=\"container\" data-e-type=\"container\">\n\t\t\t\t\t<div class=\"e-con-inner\">\n\t\t<div class=\"elementor-element elementor-element-9b984f7 e-con-full e-flex e-con e-child\" data-id=\"9b984f7\" data-element_type=\"container\" data-e-type=\"container\">\n\t\t\t\t<div class=\"elementor-element elementor-element-593dd8e elementor-widget elementor-widget-heading\" data-id=\"593dd8e\" data-element_type=\"widget\" data-e-type=\"widget\" data-widget_type=\"heading.default\">\n\t\t\t\t<div class=\"elementor-widget-container\">\n\t\t\t\t\t<h3 class=\"elementor-heading-title elementor-size-default\">Bug\u00fcn bize ula\u015f\u0131n<\/h3>\t\t\t\t<\/div>\n\t\t\t\t<\/div>\n\t\t\t\t<div class=\"elementor-element elementor-element-d7a3397 elementor-widget-divider--view-line elementor-widget elementor-widget-divider\" data-id=\"d7a3397\" data-element_type=\"widget\" data-e-type=\"widget\" data-widget_type=\"divider.default\">\n\t\t\t\t<div class=\"elementor-widget-container\">\n\t\t\t\t\t\t\t<div class=\"elementor-divider\">\n\t\t\t<span class=\"elementor-divider-separator\">\n\t\t\t\t\t\t<\/span>\n\t\t<\/div>\n\t\t\t\t\t\t<\/div>\n\t\t\t\t<\/div>\n\t\t\t\t<div class=\"elementor-element elementor-element-82765bf elementor-widget elementor-widget-text-editor\" data-id=\"82765bf\" data-element_type=\"widget\" data-e-type=\"widget\" data-widget_type=\"text-editor.default\">\n\t\t\t\t<div class=\"elementor-widget-container\">\n\t\t\t\t\t\t\t\t\t<p>Hangi hizmet veya \u00fcr\u00fcne ihtiyac\u0131n\u0131z var? H\u0131zl\u0131 bir fiyat teklifi i\u00e7in Shenzhen MultiWings ekibiyle ileti\u015fime ge\u00e7in.<\/p><p>Ki\u015fisel bilgileriniz kesinlikle gizli tutulacakt\u0131r.<\/p>\t\t\t\t\t\t\t\t<\/div>\n\t\t\t\t<\/div>\n\t\t\t\t<div class=\"elementor-element elementor-element-a5b0cab elementor-widget elementor-widget-shortcode\" data-id=\"a5b0cab\" data-element_type=\"widget\" data-e-type=\"widget\" data-widget_type=\"shortcode.default\">\n\t\t\t\t<div class=\"elementor-widget-container\">\n\t\t\t\t\t\t\t<div class=\"elementor-shortcode\">\t\t<div data-elementor-type=\"section\" data-elementor-id=\"236\" class=\"elementor elementor-236\" data-elementor-post-type=\"elementor_library\">\n\t\t\t<div class=\"elementor-element elementor-element-b988f20 e-flex e-con-boxed e-con e-parent\" data-id=\"b988f20\" data-element_type=\"container\" data-e-type=\"container\">\n\t\t\t\t\t<div class=\"e-con-inner\">\n\t\t\t\t<div class=\"elementor-element elementor-element-4133e6a elementor-button-align-stretch elementor-widget elementor-widget-form\" data-id=\"4133e6a\" data-element_type=\"widget\" data-e-type=\"widget\" data-settings=\"{&quot;step_next_label&quot;:&quot;Next&quot;,&quot;step_previous_label&quot;:&quot;Previous&quot;,&quot;button_width&quot;:&quot;100&quot;,&quot;step_type&quot;:&quot;number_text&quot;,&quot;step_icon_shape&quot;:&quot;circle&quot;}\" data-widget_type=\"form.default\">\n\t\t\t\t<div class=\"elementor-widget-container\">\n\t\t\t\t\t\t\t<form class=\"elementor-form\" method=\"post\" name=\"New Form\" aria-label=\"New Form\">\n\t\t\t<input type=\"hidden\" name=\"post_id\" value=\"236\"\/>\n\t\t\t<input type=\"hidden\" name=\"form_id\" value=\"4133e6a\"\/>\n\t\t\t<input type=\"hidden\" name=\"referer_title\" value=\"\u200cCRPA: Kontroll\u00fc I\u015f\u0131n Da\u011f\u0131l\u0131ml\u0131 Anten - SafeGNSS\" \/>\n\n\t\t\t\t\t\t\t<input type=\"hidden\" name=\"queried_id\" value=\"81\"\/>\n\t\t\t\n\t\t\t<div class=\"elementor-form-fields-wrapper elementor-labels-\">\n\t\t\t\t\t\t\t\t<div class=\"elementor-field-type-text elementor-field-group elementor-column elementor-field-group-name elementor-col-100\">\n\t\t\t\t\t\t\t\t\t\t\t\t<label for=\"form-field-name\" class=\"elementor-field-label elementor-screen-only\">\n\t\t\t\t\t\t\t\tName\t\t\t\t\t\t\t<\/label>\n\t\t\t\t\t\t\t\t\t\t\t\t\t\t<input size=\"1\" type=\"text\" name=\"form_fields[name]\" id=\"form-field-name\" class=\"elementor-field elementor-size-md  elementor-field-textual\" placeholder=\"Ad\u0131n\u0131z\">\n\t\t\t\t\t\t\t\t\t\t\t<\/div>\n\t\t\t\t\t\t\t\t<div class=\"elementor-field-type-email elementor-field-group elementor-column elementor-field-group-email elementor-col-100 elementor-field-required\">\n\t\t\t\t\t\t\t\t\t\t\t\t<label for=\"form-field-email\" class=\"elementor-field-label elementor-screen-only\">\n\t\t\t\t\t\t\t\tEmail\t\t\t\t\t\t\t<\/label>\n\t\t\t\t\t\t\t\t\t\t\t\t\t\t<input size=\"1\" type=\"email\" name=\"form_fields[email]\" id=\"form-field-email\" class=\"elementor-field elementor-size-md  elementor-field-textual\" placeholder=\"E-posta adresiniz*\" required=\"required\">\n\t\t\t\t\t\t\t\t\t\t\t<\/div>\n\t\t\t\t\t\t\t\t<div class=\"elementor-field-type-textarea elementor-field-group elementor-column elementor-field-group-message elementor-col-100 elementor-field-required\">\n\t\t\t\t\t\t\t\t\t\t\t\t<label for=\"form-field-message\" class=\"elementor-field-label elementor-screen-only\">\n\t\t\t\t\t\t\t\tMessage\t\t\t\t\t\t\t<\/label>\n\t\t\t\t\t\t<textarea class=\"elementor-field-textual elementor-field  elementor-size-md\" name=\"form_fields[message]\" id=\"form-field-message\" rows=\"4\" placeholder=\"Mesaj*\" required=\"required\"><\/textarea>\t\t\t\t<\/div>\n\t\t\t\t\t\t\t\t<div class=\"elementor-field-group elementor-column elementor-field-type-submit elementor-col-100 e-form__buttons\">\n\t\t\t\t\t<button class=\"elementor-button elementor-size-md\" type=\"submit\">\n\t\t\t\t\t\t<span class=\"elementor-button-content-wrapper\">\n\t\t\t\t\t\t\t\t\t\t\t\t\t\t\t\t\t\t\t\t\t\t<span class=\"elementor-button-text\">G\u00f6nder<\/span>\n\t\t\t\t\t\t\t\t\t\t\t\t\t<\/span>\n\t\t\t\t\t<\/button>\n\t\t\t\t<\/div>\n\t\t\t<\/div>\n\t\t<\/form>\n\t\t\t\t\t\t<\/div>\n\t\t\t\t<\/div>\n\t\t\t\t\t<\/div>\n\t\t\t\t<\/div>\n\t\t\t\t<\/div>\n\t\t<\/div>\n\t\t\t\t\t\t<\/div>\n\t\t\t\t<\/div>\n\t\t\t\t<\/div>\n\t\t<div class=\"elementor-element elementor-element-3c5faa5 e-con-full e-flex e-con e-child\" data-id=\"3c5faa5\" data-element_type=\"container\" data-e-type=\"container\">\n\t\t\t\t<div class=\"elementor-element elementor-element-60f9ff5 elementor-widget elementor-widget-heading\" data-id=\"60f9ff5\" data-element_type=\"widget\" data-e-type=\"widget\" data-widget_type=\"heading.default\">\n\t\t\t\t<div class=\"elementor-widget-container\">\n\t\t\t\t\t<h3 class=\"elementor-heading-title elementor-size-default\">\u0130leti\u015fim Bilgileri<\/h3>\t\t\t\t<\/div>\n\t\t\t\t<\/div>\n\t\t\t\t<div class=\"elementor-element elementor-element-191ec68 elementor-widget-divider--view-line elementor-widget elementor-widget-divider\" data-id=\"191ec68\" data-element_type=\"widget\" data-e-type=\"widget\" data-widget_type=\"divider.default\">\n\t\t\t\t<div class=\"elementor-widget-container\">\n\t\t\t\t\t\t\t<div class=\"elementor-divider\">\n\t\t\t<span class=\"elementor-divider-separator\">\n\t\t\t\t\t\t<\/span>\n\t\t<\/div>\n\t\t\t\t\t\t<\/div>\n\t\t\t\t<\/div>\n\t\t\t\t<div class=\"elementor-element elementor-element-2f7c4ed elementor-list-item-link-inline elementor-icon-list--layout-traditional elementor-widget elementor-widget-icon-list\" data-id=\"2f7c4ed\" data-element_type=\"widget\" data-e-type=\"widget\" data-widget_type=\"icon-list.default\">\n\t\t\t\t<div class=\"elementor-widget-container\">\n\t\t\t\t\t\t\t<ul class=\"elementor-icon-list-items\">\n\t\t\t\t\t\t\t<li class=\"elementor-icon-list-item\">\n\t\t\t\t\t\t\t\t\t\t\t<span class=\"elementor-icon-list-icon\">\n\t\t\t\t\t\t\t<i aria-hidden=\"true\" class=\"fas fa-home\"><\/i>\t\t\t\t\t\t<\/span>\n\t\t\t\t\t\t\t\t\t\t<span class=\"elementor-icon-list-text\">\u015eirket: Shenzhen MultiWings Co., Ltd.<\/span>\n\t\t\t\t\t\t\t\t\t<\/li>\n\t\t\t\t\t\t\t\t<li class=\"elementor-icon-list-item\">\n\t\t\t\t\t\t\t\t\t\t\t<a href=\"mailto:sales@safegnss.com\">\n\n\t\t\t\t\t\t\t\t\t\t\t\t<span class=\"elementor-icon-list-icon\">\n\t\t\t\t\t\t\t<i aria-hidden=\"true\" class=\"fas fa-envelope\"><\/i>\t\t\t\t\t\t<\/span>\n\t\t\t\t\t\t\t\t\t\t<span class=\"elementor-icon-list-text\">Email: sales@safegnss.com<\/span>\n\t\t\t\t\t\t\t\t\t\t\t<\/a>\n\t\t\t\t\t\t\t\t\t<\/li>\n\t\t\t\t\t\t\t\t<li class=\"elementor-icon-list-item\">\n\t\t\t\t\t\t\t\t\t\t\t<a href=\"https:\/\/api.whatsapp.com\/send?phone=8615768407431&#038;text=Hello\" target=\"_blank\" rel=\"nofollow\">\n\n\t\t\t\t\t\t\t\t\t\t\t\t<span class=\"elementor-icon-list-icon\">\n\t\t\t\t\t\t\t<i aria-hidden=\"true\" class=\"fab fa-whatsapp-square\"><\/i>\t\t\t\t\t\t<\/span>\n\t\t\t\t\t\t\t\t\t\t<span class=\"elementor-icon-list-text\">Whatsapp: +86 15768407431<\/span>\n\t\t\t\t\t\t\t\t\t\t\t<\/a>\n\t\t\t\t\t\t\t\t\t<\/li>\n\t\t\t\t\t\t\t\t<li class=\"elementor-icon-list-item\">\n\t\t\t\t\t\t\t\t\t\t\t<span class=\"elementor-icon-list-icon\">\n\t\t\t\t\t\t\t<i aria-hidden=\"true\" class=\"fas fa-map-marker-alt\"><\/i>\t\t\t\t\t\t<\/span>\n\t\t\t\t\t\t\t\t\t\t<span class=\"elementor-icon-list-text\">Adres: Shenzhen, Guangdong, China<\/span>\n\t\t\t\t\t\t\t\t\t<\/li>\n\t\t\t\t\t\t<\/ul>\n\t\t\t\t\t\t<\/div>\n\t\t\t\t<\/div>\n\t\t\t\t<div class=\"elementor-element elementor-element-672c71b elementor-widget elementor-widget-google_maps\" data-id=\"672c71b\" data-element_type=\"widget\" data-e-type=\"widget\" data-widget_type=\"google_maps.default\">\n\t\t\t\t<div class=\"elementor-widget-container\">\n\t\t\t\t\t\t\t<div class=\"elementor-custom-embed\">\n\t\t\t<iframe loading=\"lazy\"\n\t\t\t\t\tsrc=\"https:\/\/maps.google.com\/maps?q=Shenzhen%2C%20Guangdong%2C%20China&#038;t=m&#038;z=10&#038;output=embed&#038;iwloc=near\"\n\t\t\t\t\ttitle=\"Shenzhen, Guangdong, China\"\n\t\t\t\t\taria-label=\"Shenzhen, Guangdong, China\"\n\t\t\t><\/iframe>\n\t\t<\/div>\n\t\t\t\t\t\t<\/div>\n\t\t\t\t<\/div>\n\t\t\t\t<\/div>\n\t\t\t\t\t<\/div>\n\t\t\t\t<\/div>\n\t\t\t\t<\/div>\n\t\t","protected":false},"excerpt":{"rendered":"<p>Bize ula\u015f\u0131n Bug\u00fcn bize ula\u015f\u0131n Hangi hizmet veya \u00fcr\u00fcne ihtiyac\u0131n\u0131z var? H\u0131zl\u0131 bir fiyat teklifi i\u00e7in Shenzhen MultiWings ekibiyle ileti\u015fime ge\u00e7in. Ki\u015fisel bilgileriniz kesinlikle gizli tutulacakt\u0131r. \u0130leti\u015fim Bilgileri \u015eirket: Shenzhen MultiWings Co., Ltd. Email: sales@safegnss.com Whatsapp: +86 15768407431 Adres: Shenzhen, Guangdong, China<\/p>\n","protected":false},"author":1,"featured_media":0,"parent":0,"menu_order":0,"comment_status":"closed","ping_status":"closed","template":"","meta":{"footnotes":""},"class_list":["post-231","page","type-page","status-publish","hentry"],"yoast_head":"<!-- This site is optimized with the Yoast SEO plugin v27.4 - https:\/\/yoast.com\/product\/yoast-seo-wordpress\/ -->\n<title>Bize ula\u015f\u0131n - SafeGNSS<\/title>\n<meta name=\"description\" content=\"Sorular\u0131n\u0131z, destek talepleriniz veya i\u015f ortakl\u0131\u011f\u0131 f\u0131rsatlar\u0131 i\u00e7in safeGNSS ile ileti\u015fime ge\u00e7in. Ekibimiz h\u0131zl\u0131 ve profesyonel hizmetiyle size yard\u0131mc\u0131 olmaya haz\u0131rd\u0131r.\" \/>\n<meta name=\"robots\" content=\"index, follow, max-snippet:-1, max-image-preview:large, max-video-preview:-1\" \/>\n<link rel=\"canonical\" href=\"https:\/\/www.safegnss.com\/tr\/contact-us\/\" \/>\n<meta property=\"og:locale\" content=\"tr_TR\" \/>\n<meta property=\"og:type\" content=\"article\" \/>\n<meta property=\"og:title\" content=\"Bize ula\u015f\u0131n - SafeGNSS\" \/>\n<meta property=\"og:description\" content=\"Sorular\u0131n\u0131z, destek talepleriniz veya i\u015f ortakl\u0131\u011f\u0131 f\u0131rsatlar\u0131 i\u00e7in safeGNSS ile ileti\u015fime ge\u00e7in. Ekibimiz h\u0131zl\u0131 ve profesyonel hizmetiyle size yard\u0131mc\u0131 olmaya haz\u0131rd\u0131r.\" \/>\n<meta property=\"og:url\" content=\"https:\/\/www.safegnss.com\/tr\/contact-us\/\" \/>\n<meta property=\"og:site_name\" content=\"SafeGNSS\" \/>\n<meta property=\"article:modified_time\" content=\"2025-12-10T15:16:39+00:00\" \/>\n<meta name=\"twitter:card\" content=\"summary_large_image\" \/>\n<meta name=\"twitter:label1\" content=\"Tahmini okuma s\u00fcresi\" \/>\n\t<meta name=\"twitter:data1\" content=\"1 dakika\" \/>\n<script type=\"application\/ld+json\" class=\"yoast-schema-graph\">{\"@context\":\"https:\\\/\\\/schema.org\",\"@graph\":[{\"@type\":\"WebPage\",\"@id\":\"https:\\\/\\\/www.safegnss.com\\\/tr\\\/contact-us\\\/\",\"url\":\"https:\\\/\\\/www.safegnss.com\\\/tr\\\/contact-us\\\/\",\"name\":\"Bize ula\u015f\u0131n - SafeGNSS\",\"isPartOf\":{\"@id\":\"https:\\\/\\\/www.safegnss.com\\\/tr\\\/#website\"},\"datePublished\":\"2024-08-13T07:27:37+00:00\",\"dateModified\":\"2025-12-10T15:16:39+00:00\",\"description\":\"Sorular\u0131n\u0131z, destek talepleriniz veya i\u015f ortakl\u0131\u011f\u0131 f\u0131rsatlar\u0131 i\u00e7in safeGNSS ile ileti\u015fime ge\u00e7in. Ekibimiz h\u0131zl\u0131 ve profesyonel hizmetiyle size yard\u0131mc\u0131 olmaya haz\u0131rd\u0131r.\",\"breadcrumb\":{\"@id\":\"https:\\\/\\\/www.safegnss.com\\\/tr\\\/contact-us\\\/#breadcrumb\"},\"inLanguage\":\"tr\",\"potentialAction\":[{\"@type\":\"ReadAction\",\"target\":[\"https:\\\/\\\/www.safegnss.com\\\/tr\\\/contact-us\\\/\"]}]},{\"@type\":\"BreadcrumbList\",\"@id\":\"https:\\\/\\\/www.safegnss.com\\\/tr\\\/contact-us\\\/#breadcrumb\",\"itemListElement\":[{\"@type\":\"ListItem\",\"position\":1,\"name\":\"Home\",\"item\":\"https:\\\/\\\/www.safegnss.com\\\/tr\\\/\"},{\"@type\":\"ListItem\",\"position\":2,\"name\":\"Bize ula\u015f\u0131n\"}]},{\"@type\":\"WebSite\",\"@id\":\"https:\\\/\\\/www.safegnss.com\\\/tr\\\/#website\",\"url\":\"https:\\\/\\\/www.safegnss.com\\\/tr\\\/\",\"name\":\"SafeGNSS\",\"description\":\"\",\"potentialAction\":[{\"@type\":\"SearchAction\",\"target\":{\"@type\":\"EntryPoint\",\"urlTemplate\":\"https:\\\/\\\/www.safegnss.com\\\/tr\\\/?s={search_term_string}\"},\"query-input\":{\"@type\":\"PropertyValueSpecification\",\"valueRequired\":true,\"valueName\":\"search_term_string\"}}],\"inLanguage\":\"tr\"}]}<\/script>\n<!-- \/ Yoast SEO plugin. -->","yoast_head_json":{"title":"Bize ula\u015f\u0131n - SafeGNSS","description":"Sorular\u0131n\u0131z, destek talepleriniz veya i\u015f ortakl\u0131\u011f\u0131 f\u0131rsatlar\u0131 i\u00e7in safeGNSS ile ileti\u015fime ge\u00e7in. Ekibimiz h\u0131zl\u0131 ve profesyonel hizmetiyle size yard\u0131mc\u0131 olmaya haz\u0131rd\u0131r.","robots":{"index":"index","follow":"follow","max-snippet":"max-snippet:-1","max-image-preview":"max-image-preview:large","max-video-preview":"max-video-preview:-1"},"canonical":"https:\/\/www.safegnss.com\/tr\/contact-us\/","og_locale":"tr_TR","og_type":"article","og_title":"Bize ula\u015f\u0131n - SafeGNSS","og_description":"Sorular\u0131n\u0131z, destek talepleriniz veya i\u015f ortakl\u0131\u011f\u0131 f\u0131rsatlar\u0131 i\u00e7in safeGNSS ile ileti\u015fime ge\u00e7in. Ekibimiz h\u0131zl\u0131 ve profesyonel hizmetiyle size yard\u0131mc\u0131 olmaya haz\u0131rd\u0131r.","og_url":"https:\/\/www.safegnss.com\/tr\/contact-us\/","og_site_name":"SafeGNSS","article_modified_time":"2025-12-10T15:16:39+00:00","twitter_card":"summary_large_image","twitter_misc":{"Tahmini okuma s\u00fcresi":"1 dakika"},"schema":{"@context":"https:\/\/schema.org","@graph":[{"@type":"WebPage","@id":"https:\/\/www.safegnss.com\/tr\/contact-us\/","url":"https:\/\/www.safegnss.com\/tr\/contact-us\/","name":"Bize ula\u015f\u0131n - SafeGNSS","isPartOf":{"@id":"https:\/\/www.safegnss.com\/tr\/#website"},"datePublished":"2024-08-13T07:27:37+00:00","dateModified":"2025-12-10T15:16:39+00:00","description":"Sorular\u0131n\u0131z, destek talepleriniz veya i\u015f ortakl\u0131\u011f\u0131 f\u0131rsatlar\u0131 i\u00e7in safeGNSS ile ileti\u015fime ge\u00e7in. Ekibimiz h\u0131zl\u0131 ve profesyonel hizmetiyle size yard\u0131mc\u0131 olmaya haz\u0131rd\u0131r.","breadcrumb":{"@id":"https:\/\/www.safegnss.com\/tr\/contact-us\/#breadcrumb"},"inLanguage":"tr","potentialAction":[{"@type":"ReadAction","target":["https:\/\/www.safegnss.com\/tr\/contact-us\/"]}]},{"@type":"BreadcrumbList","@id":"https:\/\/www.safegnss.com\/tr\/contact-us\/#breadcrumb","itemListElement":[{"@type":"ListItem","position":1,"name":"Home","item":"https:\/\/www.safegnss.com\/tr\/"},{"@type":"ListItem","position":2,"name":"Bize ula\u015f\u0131n"}]},{"@type":"WebSite","@id":"https:\/\/www.safegnss.com\/tr\/#website","url":"https:\/\/www.safegnss.com\/tr\/","name":"SafeGNSS","description":"","potentialAction":[{"@type":"SearchAction","target":{"@type":"EntryPoint","urlTemplate":"https:\/\/www.safegnss.com\/tr\/?s={search_term_string}"},"query-input":{"@type":"PropertyValueSpecification","valueRequired":true,"valueName":"search_term_string"}}],"inLanguage":"tr"}]}},"_links":{"self":[{"href":"https:\/\/www.safegnss.com\/tr\/wp-json\/wp\/v2\/pages\/231","targetHints":{"allow":["GET"]}}],"collection":[{"href":"https:\/\/www.safegnss.com\/tr\/wp-json\/wp\/v2\/pages"}],"about":[{"href":"https:\/\/www.safegnss.com\/tr\/wp-json\/wp\/v2\/types\/page"}],"author":[{"embeddable":true,"href":"https:\/\/www.safegnss.com\/tr\/wp-json\/wp\/v2\/users\/1"}],"replies":[{"embeddable":true,"href":"https:\/\/www.safegnss.com\/tr\/wp-json\/wp\/v2\/comments?post=231"}],"version-history":[{"count":5,"href":"https:\/\/www.safegnss.com\/tr\/wp-json\/wp\/v2\/pages\/231\/revisions"}],"predecessor-version":[{"id":3556,"href":"https:\/\/www.safegnss.com\/tr\/wp-json\/wp\/v2\/pages\/231\/revisions\/3556"}],"wp:attachment":[{"href":"https:\/\/www.safegnss.com\/tr\/wp-json\/wp\/v2\/media?parent=231"}],"curies":[{"name":"wp","href":"https:\/\/api.w.org\/{rel}","templated":true}]}}